{"id":70,"date":"2022-03-07T15:47:46","date_gmt":"2022-03-07T14:47:46","guid":{"rendered":"http:\/\/mieuxvivresophrologie.fr\/?page_id=70"},"modified":"2022-04-20T09:56:02","modified_gmt":"2022-04-20T07:56:02","slug":"menions-legales","status":"publish","type":"page","link":"https:\/\/mieuxvivresophrologie.fr\/index.php\/menions-legales\/","title":{"rendered":"Mentions L\u00e9gales"},"content":{"rendered":"\t\t<div data-elementor-type=\"wp-page\" data-elementor-id=\"70\" class=\"elementor elementor-70\" data-elementor-post-type=\"page\">\n\t\t\t\t\t\t<section data-particle_enable=\"false\" data-particle-mobile-disabled=\"false\" class=\"elementor-section elementor-top-section elementor-element elementor-element-c164ace elementor-section-boxed elementor-section-height-default elementor-section-height-default\" data-id=\"c164ace\" data-element_type=\"section\" data-e-type=\"section\">\n\t\t\t\t\t\t<div class=\"elementor-container elementor-column-gap-default\">\n\t\t\t\t\t<div class=\"elementor-column elementor-col-100 elementor-top-column elementor-element elementor-element-933d38f\" data-id=\"933d38f\" data-element_type=\"column\" data-e-type=\"column\">\n\t\t\t<div class=\"elementor-widget-wrap elementor-element-populated\">\n\t\t\t\t\t\t<div class=\"elementor-element elementor-element-1793cc9 elementor-widget elementor-widget-spacer\" data-id=\"1793cc9\" data-element_type=\"widget\" data-e-type=\"widget\" data-widget_type=\"spacer.default\">\n\t\t\t\t<div class=\"elementor-widget-container\">\n\t\t\t\t\t\t\t<div class=\"elementor-spacer\">\n\t\t\t<div class=\"elementor-spacer-inner\"><\/div>\n\t\t<\/div>\n\t\t\t\t\t\t<\/div>\n\t\t\t\t<\/div>\n\t\t\t\t\t<\/div>\n\t\t<\/div>\n\t\t\t\t\t<\/div>\n\t\t<\/section>\n\t\t\t\t<section data-particle_enable=\"false\" data-particle-mobile-disabled=\"false\" class=\"elementor-section elementor-top-section elementor-element elementor-element-4f6d53e elementor-section-boxed elementor-section-height-default elementor-section-height-default\" data-id=\"4f6d53e\" data-element_type=\"section\" data-e-type=\"section\">\n\t\t\t\t\t\t<div class=\"elementor-container elementor-column-gap-default\">\n\t\t\t\t\t<div class=\"elementor-column elementor-col-100 elementor-top-column elementor-element elementor-element-8eb7759\" data-id=\"8eb7759\" data-element_type=\"column\" data-e-type=\"column\">\n\t\t\t<div class=\"elementor-widget-wrap elementor-element-populated\">\n\t\t\t\t\t\t<div class=\"elementor-element elementor-element-f238cd4 elementor-widget elementor-widget-heading\" data-id=\"f238cd4\" data-element_type=\"widget\" data-e-type=\"widget\" data-widget_type=\"heading.default\">\n\t\t\t\t<div class=\"elementor-widget-container\">\n\t\t\t\t\t<h2 class=\"elementor-heading-title elementor-size-default\">Mentions L\u00e9gales <\/h2>\t\t\t\t<\/div>\n\t\t\t\t<\/div>\n\t\t\t\t<div class=\"elementor-element elementor-element-590c346 elementor-widget elementor-widget-spacer\" data-id=\"590c346\" data-element_type=\"widget\" data-e-type=\"widget\" data-widget_type=\"spacer.default\">\n\t\t\t\t<div class=\"elementor-widget-container\">\n\t\t\t\t\t\t\t<div class=\"elementor-spacer\">\n\t\t\t<div class=\"elementor-spacer-inner\"><\/div>\n\t\t<\/div>\n\t\t\t\t\t\t<\/div>\n\t\t\t\t<\/div>\n\t\t\t\t<div class=\"elementor-element elementor-element-5c1aaf3 elementor-widget elementor-widget-text-editor\" data-id=\"5c1aaf3\" data-element_type=\"widget\" data-e-type=\"widget\" data-widget_type=\"text-editor.default\">\n\t\t\t\t<div class=\"elementor-widget-container\">\n\t\t\t\t\t\t\t\t\t<p><strong>SASU Mieux Vivre Sophrologie\u00a0<\/strong><\/p><p>4 rue Richer 75009 Paris\u00a0<\/p><p>Siret : 90133235300019<\/p><p>Responsable de la publication : Val\u00e9rie Fanget\u00a0<\/p><p>Site cr\u00e9\u00e9 par <strong><a href=\"https:\/\/decrocherlalune-design.fr\" target=\"_blank\" rel=\"noopener\">D\u00e9crocher la Lune Design<\/a><\/strong><\/p><p><strong><span style=\"text-decoration: underline;\">H\u00e9bergeur :<\/span><\/strong><\/p><p>OVH\u00a0<\/p><p>2, rue Kellermann<\/p><p>59100 Roubaix<\/p><p><strong><span style=\"text-decoration: underline;\">M\u00e9diation :<\/span>\u00a0<\/strong><\/p><p><em>\u00ab Conform\u00e9ment aux articles L.616-1 et R.616-1 du code de la consommation, nous proposons un dispositif de m\u00e9diation de la consommation. L&rsquo;entit\u00e9 de m\u00e9diation retenue est : CNPM &#8211; MEDIATION DE LA CONSOMMATION. En cas de litige, vous pouvez d\u00e9poser votre r\u00e9clamation sur son site : https:\/\/cnpm-mediation-consommation.eu ou par voie postale en \u00e9crivant \u00e0 CNPM &#8211; MEDIATION &#8211; CONSOMMATION &#8211; 27 avenue de la lib\u00e9ration &#8211; 42400 Saint-Chamond \u00bb<\/em><\/p><p><img decoding=\"async\" class=\"aligncenter wp-image-516 size-full\" src=\"https:\/\/mieuxvivresophrologie.fr\/wp-content\/uploads\/2022\/03\/Sans-titre.png\" alt=\"\" width=\"112\" height=\"74\" \/><\/p>\t\t\t\t\t\t\t\t<\/div>\n\t\t\t\t<\/div>\n\t\t\t\t<div class=\"elementor-element elementor-element-a005e75 elementor-widget elementor-widget-spacer\" data-id=\"a005e75\" data-element_type=\"widget\" data-e-type=\"widget\" data-widget_type=\"spacer.default\">\n\t\t\t\t<div class=\"elementor-widget-container\">\n\t\t\t\t\t\t\t<div class=\"elementor-spacer\">\n\t\t\t<div class=\"elementor-spacer-inner\"><\/div>\n\t\t<\/div>\n\t\t\t\t\t\t<\/div>\n\t\t\t\t<\/div>\n\t\t\t\t\t<\/div>\n\t\t<\/div>\n\t\t\t\t\t<\/div>\n\t\t<\/section>\n\t\t\t\t<\/div>\n\t\t","protected":false},"excerpt":{"rendered":"<p>Mentions L\u00e9gales SASU Mieux Vivre Sophrologie\u00a0 4 rue Richer 75009 Paris\u00a0 Siret : 90133235300019 Responsable de la publication : Val\u00e9rie Fanget\u00a0 Site cr\u00e9\u00e9 par D\u00e9crocher la Lune Design H\u00e9bergeur : OVH\u00a0 2, rue Kellermann 59100 Roubaix M\u00e9diation :\u00a0 \u00ab Conform\u00e9ment aux articles L.616-1 et R.616-1 du code de la consommation, nous proposons un dispositif de [&hellip;]<\/p>\n","protected":false},"author":1,"featured_media":0,"parent":0,"menu_order":0,"comment_status":"closed","ping_status":"closed","template":"","meta":{"_monsterinsights_skip_tracking":false,"_monsterinsights_sitenote_active":false,"_monsterinsights_sitenote_note":"","_monsterinsights_sitenote_category":0,"footnotes":""},"class_list":["post-70","page","type-page","status-publish","hentry"],"yoast_head":"<!-- This site is optimized with the Yoast SEO plugin v27.4 - https:\/\/yoast.com\/product\/yoast-seo-wordpress\/ -->\n<title>Mentions L\u00e9gales - Mieux Vivre Sophrologie<\/title>\n<meta name=\"robots\" content=\"index, follow, max-snippet:-1, max-image-preview:large, max-video-preview:-1\" \/>\n<link rel=\"canonical\" href=\"https:\/\/mieuxvivresophrologie.fr\/index.php\/menions-legales\/\" \/>\n<meta property=\"og:locale\" content=\"fr_FR\" \/>\n<meta property=\"og:type\" content=\"article\" \/>\n<meta property=\"og:title\" content=\"Mentions L\u00e9gales - Mieux Vivre Sophrologie\" \/>\n<meta property=\"og:description\" content=\"Mentions L\u00e9gales SASU Mieux Vivre Sophrologie\u00a0 4 rue Richer 75009 Paris\u00a0 Siret : 90133235300019 Responsable de la publication : Val\u00e9rie Fanget\u00a0 Site cr\u00e9\u00e9 par D\u00e9crocher la Lune Design H\u00e9bergeur : OVH\u00a0 2, rue Kellermann 59100 Roubaix M\u00e9diation :\u00a0 \u00ab Conform\u00e9ment aux articles L.616-1 et R.616-1 du code de la consommation, nous proposons un dispositif de [&hellip;]\" \/>\n<meta property=\"og:url\" content=\"https:\/\/mieuxvivresophrologie.fr\/index.php\/menions-legales\/\" \/>\n<meta property=\"og:site_name\" content=\"Mieux Vivre Sophrologie\" \/>\n<meta property=\"article:publisher\" content=\"https:\/\/m.facebook.com\/mieuxvivresophrologie\/\" \/>\n<meta property=\"article:modified_time\" content=\"2022-04-20T07:56:02+00:00\" \/>\n<meta property=\"og:image\" content=\"https:\/\/mieuxvivresophrologie.fr\/wp-content\/uploads\/2022\/03\/Sans-titre.png\" \/>\n<meta name=\"twitter:card\" content=\"summary_large_image\" \/>\n<meta name=\"twitter:label1\" content=\"Dur\u00e9e de lecture estim\u00e9e\" \/>\n\t<meta name=\"twitter:data1\" content=\"1 minute\" \/>\n<script type=\"application\/ld+json\" class=\"yoast-schema-graph\">{\"@context\":\"https:\\\/\\\/schema.org\",\"@graph\":[{\"@type\":\"WebPage\",\"@id\":\"https:\\\/\\\/mieuxvivresophrologie.fr\\\/index.php\\\/menions-legales\\\/\",\"url\":\"https:\\\/\\\/mieuxvivresophrologie.fr\\\/index.php\\\/menions-legales\\\/\",\"name\":\"Mentions L\u00e9gales - Mieux Vivre Sophrologie\",\"isPartOf\":{\"@id\":\"https:\\\/\\\/mieuxvivresophrologie.fr\\\/#website\"},\"primaryImageOfPage\":{\"@id\":\"https:\\\/\\\/mieuxvivresophrologie.fr\\\/index.php\\\/menions-legales\\\/#primaryimage\"},\"image\":{\"@id\":\"https:\\\/\\\/mieuxvivresophrologie.fr\\\/index.php\\\/menions-legales\\\/#primaryimage\"},\"thumbnailUrl\":\"https:\\\/\\\/mieuxvivresophrologie.fr\\\/wp-content\\\/uploads\\\/2022\\\/03\\\/Sans-titre.png\",\"datePublished\":\"2022-03-07T14:47:46+00:00\",\"dateModified\":\"2022-04-20T07:56:02+00:00\",\"breadcrumb\":{\"@id\":\"https:\\\/\\\/mieuxvivresophrologie.fr\\\/index.php\\\/menions-legales\\\/#breadcrumb\"},\"inLanguage\":\"fr-FR\",\"potentialAction\":[{\"@type\":\"ReadAction\",\"target\":[\"https:\\\/\\\/mieuxvivresophrologie.fr\\\/index.php\\\/menions-legales\\\/\"]}]},{\"@type\":\"ImageObject\",\"inLanguage\":\"fr-FR\",\"@id\":\"https:\\\/\\\/mieuxvivresophrologie.fr\\\/index.php\\\/menions-legales\\\/#primaryimage\",\"url\":\"https:\\\/\\\/mieuxvivresophrologie.fr\\\/wp-content\\\/uploads\\\/2022\\\/03\\\/Sans-titre.png\",\"contentUrl\":\"https:\\\/\\\/mieuxvivresophrologie.fr\\\/wp-content\\\/uploads\\\/2022\\\/03\\\/Sans-titre.png\",\"width\":112,\"height\":74,\"caption\":\"Logo Chambre Nationale des Praticiens de la M\u00e9diation\"},{\"@type\":\"BreadcrumbList\",\"@id\":\"https:\\\/\\\/mieuxvivresophrologie.fr\\\/index.php\\\/menions-legales\\\/#breadcrumb\",\"itemListElement\":[{\"@type\":\"ListItem\",\"position\":1,\"name\":\"Accueil\",\"item\":\"https:\\\/\\\/mieuxvivresophrologie.fr\\\/\"},{\"@type\":\"ListItem\",\"position\":2,\"name\":\"Mentions L\u00e9gales\"}]},{\"@type\":\"WebSite\",\"@id\":\"https:\\\/\\\/mieuxvivresophrologie.fr\\\/#website\",\"url\":\"https:\\\/\\\/mieuxvivresophrologie.fr\\\/\",\"name\":\"Mieux Vivre Sophrologie\",\"description\":\", Sophrologue et hypnoth\u00e9rapeute certifi\u00e9e Paris10 Val\u00e9rie Fanget\",\"publisher\":{\"@id\":\"https:\\\/\\\/mieuxvivresophrologie.fr\\\/#organization\"},\"potentialAction\":[{\"@type\":\"SearchAction\",\"target\":{\"@type\":\"EntryPoint\",\"urlTemplate\":\"https:\\\/\\\/mieuxvivresophrologie.fr\\\/?s={search_term_string}\"},\"query-input\":{\"@type\":\"PropertyValueSpecification\",\"valueRequired\":true,\"valueName\":\"search_term_string\"}}],\"inLanguage\":\"fr-FR\"},{\"@type\":\"Organization\",\"@id\":\"https:\\\/\\\/mieuxvivresophrologie.fr\\\/#organization\",\"name\":\"mieux vivre sophrologie\",\"url\":\"https:\\\/\\\/mieuxvivresophrologie.fr\\\/\",\"logo\":{\"@type\":\"ImageObject\",\"inLanguage\":\"fr-FR\",\"@id\":\"https:\\\/\\\/mieuxvivresophrologie.fr\\\/#\\\/schema\\\/logo\\\/image\\\/\",\"url\":\"https:\\\/\\\/mieuxvivresophrologie.fr\\\/wp-content\\\/uploads\\\/2022\\\/06\\\/mieuxvivresophrologie.png\",\"contentUrl\":\"https:\\\/\\\/mieuxvivresophrologie.fr\\\/wp-content\\\/uploads\\\/2022\\\/06\\\/mieuxvivresophrologie.png\",\"width\":2000,\"height\":963,\"caption\":\"mieux vivre sophrologie\"},\"image\":{\"@id\":\"https:\\\/\\\/mieuxvivresophrologie.fr\\\/#\\\/schema\\\/logo\\\/image\\\/\"},\"sameAs\":[\"https:\\\/\\\/m.facebook.com\\\/mieuxvivresophrologie\\\/\",\"https:\\\/\\\/fr.linkedin.com\\\/in\\\/valerie-fanget-55859b1b\",\"https:\\\/\\\/www.instagram.com\\\/mieuxvivresophrologie\\\/\"]}]}<\/script>\n<!-- \/ Yoast SEO plugin. -->","yoast_head_json":{"title":"Mentions L\u00e9gales - Mieux Vivre Sophrologie","robots":{"index":"index","follow":"follow","max-snippet":"max-snippet:-1","max-image-preview":"max-image-preview:large","max-video-preview":"max-video-preview:-1"},"canonical":"https:\/\/mieuxvivresophrologie.fr\/index.php\/menions-legales\/","og_locale":"fr_FR","og_type":"article","og_title":"Mentions L\u00e9gales - Mieux Vivre Sophrologie","og_description":"Mentions L\u00e9gales SASU Mieux Vivre Sophrologie\u00a0 4 rue Richer 75009 Paris\u00a0 Siret : 90133235300019 Responsable de la publication : Val\u00e9rie Fanget\u00a0 Site cr\u00e9\u00e9 par D\u00e9crocher la Lune Design H\u00e9bergeur : OVH\u00a0 2, rue Kellermann 59100 Roubaix M\u00e9diation :\u00a0 \u00ab Conform\u00e9ment aux articles L.616-1 et R.616-1 du code de la consommation, nous proposons un dispositif de [&hellip;]","og_url":"https:\/\/mieuxvivresophrologie.fr\/index.php\/menions-legales\/","og_site_name":"Mieux Vivre Sophrologie","article_publisher":"https:\/\/m.facebook.com\/mieuxvivresophrologie\/","article_modified_time":"2022-04-20T07:56:02+00:00","og_image":[{"url":"https:\/\/mieuxvivresophrologie.fr\/wp-content\/uploads\/2022\/03\/Sans-titre.png","type":"","width":"","height":""}],"twitter_card":"summary_large_image","twitter_misc":{"Dur\u00e9e de lecture estim\u00e9e":"1 minute"},"schema":{"@context":"https:\/\/schema.org","@graph":[{"@type":"WebPage","@id":"https:\/\/mieuxvivresophrologie.fr\/index.php\/menions-legales\/","url":"https:\/\/mieuxvivresophrologie.fr\/index.php\/menions-legales\/","name":"Mentions L\u00e9gales - Mieux Vivre Sophrologie","isPartOf":{"@id":"https:\/\/mieuxvivresophrologie.fr\/#website"},"primaryImageOfPage":{"@id":"https:\/\/mieuxvivresophrologie.fr\/index.php\/menions-legales\/#primaryimage"},"image":{"@id":"https:\/\/mieuxvivresophrologie.fr\/index.php\/menions-legales\/#primaryimage"},"thumbnailUrl":"https:\/\/mieuxvivresophrologie.fr\/wp-content\/uploads\/2022\/03\/Sans-titre.png","datePublished":"2022-03-07T14:47:46+00:00","dateModified":"2022-04-20T07:56:02+00:00","breadcrumb":{"@id":"https:\/\/mieuxvivresophrologie.fr\/index.php\/menions-legales\/#breadcrumb"},"inLanguage":"fr-FR","potentialAction":[{"@type":"ReadAction","target":["https:\/\/mieuxvivresophrologie.fr\/index.php\/menions-legales\/"]}]},{"@type":"ImageObject","inLanguage":"fr-FR","@id":"https:\/\/mieuxvivresophrologie.fr\/index.php\/menions-legales\/#primaryimage","url":"https:\/\/mieuxvivresophrologie.fr\/wp-content\/uploads\/2022\/03\/Sans-titre.png","contentUrl":"https:\/\/mieuxvivresophrologie.fr\/wp-content\/uploads\/2022\/03\/Sans-titre.png","width":112,"height":74,"caption":"Logo Chambre Nationale des Praticiens de la M\u00e9diation"},{"@type":"BreadcrumbList","@id":"https:\/\/mieuxvivresophrologie.fr\/index.php\/menions-legales\/#breadcrumb","itemListElement":[{"@type":"ListItem","position":1,"name":"Accueil","item":"https:\/\/mieuxvivresophrologie.fr\/"},{"@type":"ListItem","position":2,"name":"Mentions L\u00e9gales"}]},{"@type":"WebSite","@id":"https:\/\/mieuxvivresophrologie.fr\/#website","url":"https:\/\/mieuxvivresophrologie.fr\/","name":"Mieux Vivre Sophrologie","description":", Sophrologue et hypnoth\u00e9rapeute certifi\u00e9e Paris10 Val\u00e9rie Fanget","publisher":{"@id":"https:\/\/mieuxvivresophrologie.fr\/#organization"},"potentialAction":[{"@type":"SearchAction","target":{"@type":"EntryPoint","urlTemplate":"https:\/\/mieuxvivresophrologie.fr\/?s={search_term_string}"},"query-input":{"@type":"PropertyValueSpecification","valueRequired":true,"valueName":"search_term_string"}}],"inLanguage":"fr-FR"},{"@type":"Organization","@id":"https:\/\/mieuxvivresophrologie.fr\/#organization","name":"mieux vivre sophrologie","url":"https:\/\/mieuxvivresophrologie.fr\/","logo":{"@type":"ImageObject","inLanguage":"fr-FR","@id":"https:\/\/mieuxvivresophrologie.fr\/#\/schema\/logo\/image\/","url":"https:\/\/mieuxvivresophrologie.fr\/wp-content\/uploads\/2022\/06\/mieuxvivresophrologie.png","contentUrl":"https:\/\/mieuxvivresophrologie.fr\/wp-content\/uploads\/2022\/06\/mieuxvivresophrologie.png","width":2000,"height":963,"caption":"mieux vivre sophrologie"},"image":{"@id":"https:\/\/mieuxvivresophrologie.fr\/#\/schema\/logo\/image\/"},"sameAs":["https:\/\/m.facebook.com\/mieuxvivresophrologie\/","https:\/\/fr.linkedin.com\/in\/valerie-fanget-55859b1b","https:\/\/www.instagram.com\/mieuxvivresophrologie\/"]}]}},"_links":{"self":[{"href":"https:\/\/mieuxvivresophrologie.fr\/index.php\/wp-json\/wp\/v2\/pages\/70","targetHints":{"allow":["GET"]}}],"collection":[{"href":"https:\/\/mieuxvivresophrologie.fr\/index.php\/wp-json\/wp\/v2\/pages"}],"about":[{"href":"https:\/\/mieuxvivresophrologie.fr\/index.php\/wp-json\/wp\/v2\/types\/page"}],"author":[{"embeddable":true,"href":"https:\/\/mieuxvivresophrologie.fr\/index.php\/wp-json\/wp\/v2\/users\/1"}],"replies":[{"embeddable":true,"href":"https:\/\/mieuxvivresophrologie.fr\/index.php\/wp-json\/wp\/v2\/comments?post=70"}],"version-history":[{"count":20,"href":"https:\/\/mieuxvivresophrologie.fr\/index.php\/wp-json\/wp\/v2\/pages\/70\/revisions"}],"predecessor-version":[{"id":824,"href":"https:\/\/mieuxvivresophrologie.fr\/index.php\/wp-json\/wp\/v2\/pages\/70\/revisions\/824"}],"wp:attachment":[{"href":"https:\/\/mieuxvivresophrologie.fr\/index.php\/wp-json\/wp\/v2\/media?parent=70"}],"curies":[{"name":"wp","href":"https:\/\/api.w.org\/{rel}","templated":true}]}}